{"id":20,"date":"2021-05-06T22:12:36","date_gmt":"2021-05-06T22:12:36","guid":{"rendered":"http:\/\/box2030.temp.domains\/~octaviob\/?page_id=20"},"modified":"2024-07-02T22:41:47","modified_gmt":"2024-07-02T22:41:47","slug":"biografia","status":"publish","type":"page","link":"https:\/\/octaviobernal.com\/?page_id=20","title":{"rendered":"Biograf\u00eda"},"content":{"rendered":"\n<p class=\"\">OCTAVIO BERNAL<br>Compositor, orquestador, arreglista, bajista, dise\u00f1ador de sonido y director de orquesta. Naci\u00f3 en la Ciudad de M\u00e9xico y estudi\u00f3 en&nbsp; Berklee International Network donde recibi\u00f3 un t\u00edtulo en Ingenier\u00eda Musical y Producci\u00f3n y Ejecuci\u00f3n en M\u00fasica Contempor\u00e1nea, enfoc\u00e1ndose su \u00faltimo a\u00f1o en&nbsp; dise\u00f1o de sonido y s\u00edntesis.<\/p>\n\n\n\n<p class=\"\">Despu\u00e9s de sus estudios en M\u00e9xico, Octavio se inscribi\u00f3 el Programa en Orquestaci\u00f3n para Cine y Televisi\u00f3n en Berklee College of Music, donde recibi\u00f3 una beca de m\u00e9rito en honor a Michel Camilo. All\u00ed desarroll\u00f3 a\u00fan m\u00e1s sus habilidades en la composici\u00f3n para cine, TV y videojuegos. Poco despu\u00e9s recibi\u00f3 un Bachelor of Arts con honores por parte de Berklee College of Music.<\/p>\n\n\n\n<p class=\"\">Adem\u00e1s de su conocimiento en m\u00fasica, tambi\u00e9n es experto en la \u00faltima tecnolog\u00eda de producci\u00f3n de m\u00fasica. Ha aprendido t\u00e9cnicas modernas de s\u00edntesis anal\u00f3gicas y digitales; tambi\u00e9n es capaz de crear sus propios instrumentos virtuales, as\u00ed como comprender la implementaci\u00f3n de audio para Videojuegos.<\/p>\n\n\n\n<p class=\"\">Octavio es egresado con honores en el master de Scoring for Film, TV and Video Games en Berklee College of Music y ha grabado con diferentes orquestas en Europa, incluyendo la Orquesta de Valencia, Budapest Art Orchestra, Moscow Tie Orchestra y London Orchestra.<\/p>\n\n\n\n<p class=\"\">Octavio Bernal ha sido nominado en los Hollywood Music in Media Awards en la categor\u00eda \u00a8Best Contemporary Classical Music\u00a8y en \u00a8Instrumental Music\u00a8en la ceremonia del 2021.<\/p>\n\n\n\n<figure class=\"wp-block-video\"><video controls src=\"https:\/\/octaviobernal.com\/wp-content\/uploads\/2021\/05\/purple-sky1_dvd.mp4\"><\/video><\/figure>\n","protected":false},"excerpt":{"rendered":"<p>OCTAVIO BERNALCompositor, orquestador, arreglista, bajista, dise\u00f1ador de sonido y director de orquesta. Naci\u00f3 en la Ciudad de M\u00e9xico y estudi\u00f3 en&nbsp; Berklee International Network donde recibi\u00f3 un t\u00edtulo en Ingenier\u00eda Musical y Producci\u00f3n y Ejecuci\u00f3n en M\u00fasica Contempor\u00e1nea, enfoc\u00e1ndose su \u00faltimo a\u00f1o en&nbsp; dise\u00f1o de sonido y s\u00edntesis. Despu\u00e9s de sus estudios en M\u00e9xico, Octavio &hellip; <a href=\"https:\/\/octaviobernal.com\/?page_id=20\" class=\"more-link\">Continue reading <span class=\"screen-reader-text\">Biograf\u00eda<\/span> <span class=\"meta-nav\">&rarr;<\/span><\/a><\/p>\n","protected":false},"author":1,"featured_media":0,"parent":0,"menu_order":0,"comment_status":"closed","ping_status":"closed","template":"","meta":{"om_disable_all_campaigns":false,"_monsterinsights_skip_tracking":false,"_monsterinsights_sitenote_active":false,"_monsterinsights_sitenote_note":"","_monsterinsights_sitenote_category":0,"footnotes":""},"aioseo_notices":[],"jetpack_sharing_enabled":true,"_links":{"self":[{"href":"https:\/\/octaviobernal.com\/index.php?rest_route=\/wp\/v2\/pages\/20"}],"collection":[{"href":"https:\/\/octaviobernal.com\/index.php?rest_route=\/wp\/v2\/pages"}],"about":[{"href":"https:\/\/octaviobernal.com\/index.php?rest_route=\/wp\/v2\/types\/page"}],"author":[{"embeddable":true,"href":"https:\/\/octaviobernal.com\/index.php?rest_route=\/wp\/v2\/users\/1"}],"replies":[{"embeddable":true,"href":"https:\/\/octaviobernal.com\/index.php?rest_route=%2Fwp%2Fv2%2Fcomments&post=20"}],"version-history":[{"count":6,"href":"https:\/\/octaviobernal.com\/index.php?rest_route=\/wp\/v2\/pages\/20\/revisions"}],"predecessor-version":[{"id":1394,"href":"https:\/\/octaviobernal.com\/index.php?rest_route=\/wp\/v2\/pages\/20\/revisions\/1394"}],"wp:attachment":[{"href":"https:\/\/octaviobernal.com\/index.php?rest_route=%2Fwp%2Fv2%2Fmedia&parent=20"}],"curies":[{"name":"wp","href":"https:\/\/api.w.org\/{rel}","templated":true}]}}