{"id":105,"date":"2021-05-22T00:13:51","date_gmt":"2021-05-22T00:13:51","guid":{"rendered":"http:\/\/octaviobernal.com\/?page_id=105"},"modified":"2021-05-25T17:43:07","modified_gmt":"2021-05-25T17:43:07","slug":"politica-de-privacidad","status":"publish","type":"page","link":"https:\/\/octaviobernal.com\/?page_id=105","title":{"rendered":"Privacidad"},"content":{"rendered":"\n<p><strong>T\u00e9rminos y Condiciones<\/strong><\/p>\n\n\n\n<p>Pol\u00edtica de privacidad de <a href=\"https:\/\/octaviobernal.com\">https:\/\/octaviobernal.com<\/a><br>En <a href=\"https:\/\/octaviobernal.com\">https:\/\/octaviobernal.com<\/a>, accesible desde https:\/\/octaviobernal.com, una de nuestras principales prioridades es la privacidad de nuestros visitantes. Este documento de Pol\u00edtica de Privacidad contiene tipos de informaci\u00f3n que es recopilada y registrada por <a href=\"https:\/\/octaviobernal.com\">https:\/\/octaviobernal.com<\/a> y c\u00f3mo la usamos.<br>Si tiene preguntas adicionales o necesita m\u00e1s informaci\u00f3n sobre nuestra Pol\u00edtica de privacidad, no dude en contactarnos por correo electr\u00f3nico a octavio@octaviobernal.com<\/p>\n\n\n\n<p><strong>Archivos de registro<\/strong><\/p>\n\n\n\n<p>https:\/\/octaviobernal.com sigue un procedimiento est\u00e1ndar de uso de archivos de registro. Estos archivos registran a los visitantes cuando visitan sitios web. Todas las empresas de hosting hacen esto y una parte de los an\u00e1lisis de los servicios de hosting. La informaci\u00f3n recopilada por los archivos de registro incluye direcciones de protocolo de Internet (IP), tipo de navegador, proveedor de servicios de Internet (ISP), sello de fecha y hora, p\u00e1ginas de referencia \/ salida, y posiblemente la cantidad de clics.<br>Estos no est\u00e1n vinculados a ninguna informaci\u00f3n que sea personalmente identificable.<\/p>\n\n\n\n<p>El prop\u00f3sito de la informaci\u00f3n es analizar tendencias, administrar el sitio, rastrear el movimiento de los usuarios en el sitio web y recopilar informaci\u00f3n demogr\u00e1fica.<\/p>\n\n\n\n<p><strong>Cookies y balizas web<\/strong><\/p>\n\n\n\n<p>Al igual que cualquier otro sitio web, <a href=\"https:\/\/octaviobernal.com\">https:\/\/octaviobernal.com<\/a> utiliza &#8220;cookies&#8221;. Estas cookies se utilizan para almacenar informaci\u00f3n, incluidas las preferencias de los visitantes y las p\u00e1ginas del sitio web a las que el visitante accedi\u00f3 o visit\u00f3. La informaci\u00f3n se utiliza para optimizar la experiencia de los usuarios al personalizar el contenido de nuestra p\u00e1gina web seg\u00fan el tipo de navegador de los visitantes y \/ u otra informaci\u00f3n.<\/p>\n\n\n\n<p><strong>Cookie DART de doble clic de Google<\/strong><\/p>\n\n\n\n<p>Google es uno de los proveedores de terceros en nuestro sitio. Tambi\u00e9n utiliza cookies, conocidas como cookies de DART, para enviar anuncios a los visitantes de nuestro sitio en funci\u00f3n de su visita a www.website.com y otros sitios en Internet. Sin embargo, los visitantes pueden optar por rechazar el uso de cookies de DART visitando la Pol\u00edtica de privacidad de la red de contenido y anuncios de Google en la siguiente URL <a href=\"https:\/\/policies.google.com\/technologies\/ads\">https:\/\/policies.google.com\/technologies\/ads<\/a><\/p>\n\n\n\n<p><strong>Nuestros socios publicitarios<\/strong><\/p>\n\n\n\n<p>Algunos de los anunciantes en nuestro sitio pueden usar cookies y balizas web. Nuestros socios publicitarios se enumeran a continuaci\u00f3n. Cada uno de nuestros socios publicitarios tiene su propia Pol\u00edtica de privacidad para sus pol\u00edticas sobre los datos del usuario. Para un acceso m\u00e1s f\u00e1cil, hicimos un hiperv\u00ednculo a sus pol\u00edticas de privacidad a continuaci\u00f3n. <a href=\"https:\/\/policies.google.com\/technologies\/ads\">https:\/\/policies.google.com\/technologies\/ads<\/a><\/p>\n\n\n\n<p>Puede consultar esta lista para encontrar la Pol\u00edtica de privacidad para cada uno de los socios publicitarios de https:\/\/octaviobernal.com Nuestra Pol\u00edtica de privacidad se cre\u00f3 con la ayuda del Generador de pol\u00edticas de privacidad.<\/p>\n\n\n\n<p>Los servidores o redes publicitarias de terceros utilizan tecnolog\u00edas como cookies, JavaScript o beacons web que se utilizan en sus respectivos anuncios y enlaces que aparecen en <a href=\"https:\/\/octaviobernal.com\">https:\/\/octaviobernal.com<\/a> , que se env\u00edan directamente al navegador de los usuarios. Reciben autom\u00e1ticamente su direcci\u00f3n IP cuando esto ocurre.<\/p>\n\n\n\n<p>Estas tecnolog\u00edas se utilizan para medir la efectividad de sus campa\u00f1as publicitarias y \/ o para personalizar el contenido publicitario que ve en los sitios web que visita. Tenga en cuenta que https:\/\/octaviobernal.com no tiene acceso ni control sobre estas cookies que utilizan los anunciantes de terceros.<\/p>\n\n\n\n<p><strong>Pol\u00edticas de privacidad de terceros<\/strong><\/p>\n\n\n\n<p>La Pol\u00edtica de privacidad de <a href=\"https:\/\/octaviobernal.com\">https:\/\/octaviobernal.com<\/a> no se aplica a otros anunciantes o sitios web. Por lo tanto, le recomendamos que consulte las pol\u00edticas de privacidad respectivas de estos servidores de anuncios de terceros para obtener informaci\u00f3n m\u00e1s detallada.<\/p>\n\n\n\n<p>Puede incluir sus pr\u00e1cticas e instrucciones sobre c\u00f3mo darse de baja de ciertas opciones. Puede optar por desactivar las cookies a trav\u00e9s de las opciones de su navegador individual. Para conocer informaci\u00f3n m\u00e1s detallada sobre la gesti\u00f3n de cookies con navegadores web espec\u00edficos, puede encontrarla en los respectivos sitios web de los navegadores. \u00bfQu\u00e9 son las cookies?<\/p>\n\n\n\n<p><strong>Informaci\u00f3n de ni\u00f1os<\/strong><\/p>\n\n\n\n<p>Otra parte de nuestra prioridad es agregar protecci\u00f3n para los ni\u00f1os mientras usan Internet. Alentamos a los padres y tutores a observar, participar y \/ o monitorear y guiar su actividad en l\u00ednea. <a href=\"https:\/\/octaviobernal.com\">https:\/\/octaviobernal.com<\/a> no recopila a sabiendas ninguna informaci\u00f3n de identificaci\u00f3n personal de ni\u00f1os menores de 13 a\u00f1os.<\/p>\n\n\n\n<p>Si cree que su hijo proporcion\u00f3 este tipo de informaci\u00f3n en nuestro sitio web, le recomendamos encarecidamente que se comunique con nosotros de inmediato y lo haremos Nuestros mejores esfuerzos para eliminar r\u00e1pidamente dicha informaci\u00f3n de nuestros registros.<\/p>\n\n\n\n<p><strong>Pol\u00edtica de privacidad en l\u00ednea solamente<\/strong><\/p>\n\n\n\n<p>Esta Pol\u00edtica de privacidad se aplica solo a nuestras actividades en l\u00ednea y es v\u00e1lida para los visitantes de nuestro sitio web con respecto a la informaci\u00f3n que compartieron y \/ o recopilaron en <a href=\"https:\/\/octaviobernal.com\">https:\/\/octaviobernal.com<\/a>. Esta pol\u00edtica no es aplicable a ninguna informaci\u00f3n recopilada fuera de l\u00ednea o por canales. aparte de este sitio web. Consentimiento Al utilizar nuestro sitio web, usted acepta nuestra Pol\u00edtica de privacidad y acepta sus T\u00e9rminos y condiciones.<\/p>\n\n\n\n<p><strong>Informaci\u00f3n de identificaci\u00f3n personal<\/strong><\/p>\n\n\n\n<p>La pol\u00edtica de Octavio Bernal es respetar su privacidad con respecto a cualquier informaci\u00f3n que podamos recopilar al operar nuestro sitio web. Esta Pol\u00edtica de privacidad se aplica a <a href=\"https:\/\/octaviobernal.com\">https:\/\/octaviobernal.com<\/a> (en adelante, &#8220;nosotros&#8221;, &#8220;nosotros&#8221; o &#8220;https:\/\/octaviobernal.com).<\/p>\n\n\n\n<p>Respetamos su privacidad y estamos comprometidos a proteger la informaci\u00f3n de identificaci\u00f3n personal que nos puede proporcionar a trav\u00e9s del sitio web. Hemos adoptado esta pol\u00edtica de privacidad (&#8220;Pol\u00edtica de privacidad&#8221;) para explicar qu\u00e9 informaci\u00f3n se puede recopilar en nuestro sitio web, c\u00f3mo usamos esta informaci\u00f3n y en qu\u00e9 circunstancias podemos divulgar la informaci\u00f3n a terceros.<\/p>\n\n\n\n<p>Esta Pol\u00edtica de privacidad se aplica solo a la informaci\u00f3n que recopilamos a trav\u00e9s del sitio web y no se aplica a nuestra recopilaci\u00f3n de informaci\u00f3n de otras fuentes. Esta Pol\u00edtica de privacidad, junto con los T\u00e9rminos y condiciones publicados en nuestro sitio web, establecen las reglas y pol\u00edticas generales que rigen el uso de nuestro sitio web.<\/p>\n\n\n\n<p>Dependiendo de sus actividades cuando visite nuestro sitio web, es posible que deba aceptar t\u00e9rminos y condiciones adicionales. Al igual que la mayor\u00eda de los operadores de sitios web, Octavio Bernal recopila informaci\u00f3n de identificaci\u00f3n no personal del tipo que los navegadores web y servidores suelen poner a disposici\u00f3n, como el tipo de navegador, la preferencia de idioma, el sitio de referencia y la fecha y hora de cada solicitud de visitante.<\/p>\n\n\n\n<p>El prop\u00f3sito de Octavio Bernal en la recopilaci\u00f3n de informaci\u00f3n de identificaci\u00f3n no personal es comprender mejor c\u00f3mo los visitantes de Sound8cape utilizan su sitio web. De vez en cuando, Sound8cape puede divulgar informaci\u00f3n que no sea de identificaci\u00f3n personal en conjunto, por ejemplo, mediante la publicaci\u00f3n de un informe sobre las tendencias en el uso de su sitio web. Octavio Bernal tambi\u00e9n recopila informaci\u00f3n de identificaci\u00f3n personal como direcciones de Protocolo de Internet (IP) para usuarios registrados y para usuarios que dejan comentarios en las publicaciones del blog https:\/\/octaviobernalcom.wpcomstaging.com.<\/p>\n\n\n\n<p>Octavio Bernal solo divulga las direcciones IP de los usuarios registrados y comentaristas en las mismas circunstancias que utiliza y divulga informaci\u00f3n de identificaci\u00f3n personal como se describe a continuaci\u00f3n. Recopilaci\u00f3n de informaci\u00f3n de identificaci\u00f3n personal Ciertos visitantes de los sitios web de Octavio Bernal eligen interactuar con Octavio Bernal de una manera que requiere que Octavio Bernal recopile informaci\u00f3n de identificaci\u00f3n personal. La cantidad y el tipo de informaci\u00f3n que Sound8cape recopila depende de la naturaleza de la interacci\u00f3n.<\/p>\n\n\n\n<p>Por ejemplo, pedimos a los visitantes que se registran en un blog en <a href=\"https:\/\/octaviobernal.com\">https:\/\/octaviobernal.com<\/a> que proporcionen un nombre de usuario y una direcci\u00f3n de correo electr\u00f3nico.<\/p>\n\n\n\n<p><strong>Seguridad<\/strong><\/p>\n\n\n\n<p>La seguridad de su informaci\u00f3n personal es importante para nosotros, pero recuerde que ning\u00fan m\u00e9todo de transmisi\u00f3n por Internet o m\u00e9todo de almacenamiento electr\u00f3nico es 100% seguro.<\/p>\n\n\n\n<p>Si bien nos esforzamos por utilizar medios comercialmente aceptables para proteger su informaci\u00f3n personal, no podemos garantizar su seguridad absoluta.<\/p>\n\n\n\n<p><strong>Anuncios<\/strong><\/p>\n\n\n\n<p>Los anuncios que aparecen en nuestro sitio web pueden ser entregados a los usuarios por socios publicitarios, quienes pueden establecer cookies. Estas cookies permiten que el servidor de anuncios reconozca su computadora cada vez que le env\u00edan un anuncio en l\u00ednea para recopilar informaci\u00f3n sobre usted u otras personas que usan su computadora.<\/p>\n\n\n\n<p>Esta informaci\u00f3n permite a las redes publicitarias, entre otras cosas, entregar anuncios dirigidos que creen que ser\u00e1n de mayor inter\u00e9s para usted. Esta Pol\u00edtica de privacidad cubre el uso de cookies por parte de Sound8cape y no cubre el uso de cookies por parte de ning\u00fan anunciante.<\/p>\n\n\n\n<p><strong>Enlaces a sitios externos<\/strong><\/p>\n\n\n\n<p>Nuestro servicio puede contener enlaces a sitios externos que no son operados por nosotros. Si hace clic en un enlace de un tercero, se lo dirigir\u00e1 al sitio de ese tercero. Le recomendamos encarecidamente que revise la Pol\u00edtica de privacidad y los t\u00e9rminos y condiciones de cada sitio que visite.<\/p>\n\n\n\n<p>No tenemos control ni asumimos ninguna responsabilidad por el contenido, las pol\u00edticas de privacidad o las pr\u00e1cticas de sitios, productos o servicios de terceros. <a href=\"https:\/\/octaviobernal.com\">https:\/\/octaviobernal.com<\/a><br>usa Google AdWords para el remarketing. <a href=\"https:\/\/octaviobernal.com\">https:\/\/octaviobernal.com<\/a> usa los servicios de remarketing para anunciar en sitios web de terceros (incluido Google) a los visitantes anteriores de nuestro sitio.<\/p>\n\n\n\n<p>Podr\u00eda significar que publicitamos a visitantes anteriores que no han completado una tarea en nuestro sitio, por ejemplo, utilizando el formulario de contacto para realizar una consulta. Esto podr\u00eda ser en forma de un anuncio en la p\u00e1gina de resultados de b\u00fasqueda de Google, o un sitio en la Red de Display de Google.<\/p>\n\n\n\n<p>Los proveedores de terceros, incluido Google, usan cookies para publicar anuncios basados \u200b\u200ben las visitas anteriores de alguien. Por supuesto, los datos recopilados se utilizar\u00e1n de acuerdo con nuestra propia pol\u00edtica de privacidad y la pol\u00edtica de privacidad de Google.<\/p>\n\n\n\n<p>Puede establecer preferencias sobre c\u00f3mo Google le anuncia mediante la p\u00e1gina de Preferencias de anuncios de Google y, si lo desea, puede optar por no recibir publicidad basada en intereses por completo mediante la configuraci\u00f3n de cookies o de forma permanente utilizando un complemento del navegador.<\/p>\n\n\n\n<p><strong>Protecci\u00f3n de cierta informaci\u00f3n de identificaci\u00f3n personal<\/strong><\/p>\n\n\n\n<p>Octavio Bernal divulga informaci\u00f3n de identificaci\u00f3n personal y de identificaci\u00f3n personal solo a aquellos de sus empleados, contratistas y organizaciones afiliadas que (i) necesitan conocer esa informaci\u00f3n para procesarla en nombre de Octavio Bernal o para proporcionar servicios disponibles en el sitio web de Octavio Bernal , y (ii) que han acordado no divulgarlo a otros.<\/p>\n\n\n\n<p>Algunos de esos empleados, contratistas y organizaciones afiliadas pueden estar ubicados fuera de su pa\u00eds de origen; Al usar el sitio web de Sound8cape, usted acepta la transferencia de dicha informaci\u00f3n a ellos. Octavio Bernal no alquilar\u00e1 ni vender\u00e1 informaci\u00f3n de identificaci\u00f3n personal y de identificaci\u00f3n personal a nadie. Aparte de sus empleados, contratistas y organizaciones afiliadas, como se describe anteriormente.<\/p>\n\n\n\n<p>Octavio Bernal divulga informaci\u00f3n de identificaci\u00f3n personal y de identificaci\u00f3n personal solo en respuesta a una citaci\u00f3n legal mexicana, una orden judicial u otra solicitud gubernamental, o cuando Octavio Bernal cree de buena fe que la divulgaci\u00f3n es razonablemente necesaria para proteger la propiedad o los derechos de Octavio Bernal, tercero fiestas o el p\u00fablico en general.<\/p>\n\n\n\n<p>Si usted es un usuario registrado de <a href=\"https:\/\/octaviobernal.com\">https:\/\/octaviobernal.com<\/a> y ha proporcionado su direcci\u00f3n de correo electr\u00f3nico, Octavio Bernal ocasionalmente puede enviarle un correo electr\u00f3nico para informarle sobre nuevas funciones, solicitar sus comentarios o simplemente mantenerse al d\u00eda con lo que est\u00e1 sucediendo. con Sound8cape y nuestros productos.<\/p>\n\n\n\n<p>Principalmente usamos nuestro blog para comunicar este tipo de informaci\u00f3n, por lo que esperamos mantener este tipo de correo electr\u00f3nico al m\u00ednimo. Si nos env\u00eda una solicitud (por ejemplo, a trav\u00e9s de un correo electr\u00f3nico de soporte o de uno de nuestros mecanismos de comentarios), nos reservamos el derecho de publicarla para ayudarnos a aclarar o responder a su solicitud o para ayudarnos a apoyar a otros usuarios. Octavio Bernal toma todas las medidas razonablemente necesarias para proteger contra el acceso no autorizado, el uso, la alteraci\u00f3n o la destrucci\u00f3n de informaci\u00f3n potencialmente identificable y de identificaci\u00f3n personal.<\/p>\n\n\n\n<p><strong>Estad\u00edsticas agregadas<\/strong><\/p>\n\n\n\n<p>Octavio Bernal puede recopilar estad\u00edsticas sobre el comportamiento de los visitantes de su sitio web. Octavio Bernal puede mostrar esta informaci\u00f3n p\u00fablicamente o proporcionarla a otros. Sin embargo, Octavio Bernal no revela su informaci\u00f3n de identificaci\u00f3n personal.<\/p>\n\n\n\n<p><strong>Cambios en la pol\u00edtica de privacidad<\/strong><\/p>\n\n\n\n<p>Aunque es probable que la mayor\u00eda de los cambios sean menores, Octavio Bernal puede cambiar su Pol\u00edtica de privacidad de vez en cuando, y a exclusivo criterio de Octavio Bernal. Octavio Bernal alienta a los visitantes a consultar con frecuencia esta p\u00e1gina para ver si hay cambios en su Pol\u00edtica de privacidad. El uso continuado de este sitio despu\u00e9s de cualquier cambio en esta Pol\u00edtica de privacidad constituir\u00e1 su aceptaci\u00f3n de dicho cambio.<\/p>\n\n\n\n<p><strong>Informaci\u00f3n del contacto<\/strong><\/p>\n\n\n\n<p>No dude en ponerse en contacto con octavio@octaviobernal.com para cualquier consulta relacionada con los t\u00e9rminos y condiciones o la pol\u00edtica de privacidad.<\/p>\n","protected":false},"excerpt":{"rendered":"<p>T\u00e9rminos y Condiciones Pol\u00edtica de privacidad de https:\/\/octaviobernal.comEn https:\/\/octaviobernal.com, accesible desde https:\/\/octaviobernal.com, una de nuestras principales prioridades es la privacidad de nuestros visitantes. Este documento de Pol\u00edtica de Privacidad contiene tipos de informaci\u00f3n que es recopilada y registrada por https:\/\/octaviobernal.com y c\u00f3mo la usamos.Si tiene preguntas adicionales o necesita m\u00e1s informaci\u00f3n sobre nuestra Pol\u00edtica de &hellip; <a href=\"https:\/\/octaviobernal.com\/?page_id=105\" class=\"more-link\">Continue reading <span class=\"screen-reader-text\">Privacidad<\/span> <span class=\"meta-nav\">&rarr;<\/span><\/a><\/p>\n","protected":false},"author":1,"featured_media":0,"parent":0,"menu_order":0,"comment_status":"closed","ping_status":"closed","template":"","meta":{"om_disable_all_campaigns":false,"_monsterinsights_skip_tracking":false,"_monsterinsights_sitenote_active":false,"_monsterinsights_sitenote_note":"","_monsterinsights_sitenote_category":0,"footnotes":""},"aioseo_notices":[],"jetpack_sharing_enabled":true,"_links":{"self":[{"href":"https:\/\/octaviobernal.com\/index.php?rest_route=\/wp\/v2\/pages\/105"}],"collection":[{"href":"https:\/\/octaviobernal.com\/index.php?rest_route=\/wp\/v2\/pages"}],"about":[{"href":"https:\/\/octaviobernal.com\/index.php?rest_route=\/wp\/v2\/types\/page"}],"author":[{"embeddable":true,"href":"https:\/\/octaviobernal.com\/index.php?rest_route=\/wp\/v2\/users\/1"}],"replies":[{"embeddable":true,"href":"https:\/\/octaviobernal.com\/index.php?rest_route=%2Fwp%2Fv2%2Fcomments&post=105"}],"version-history":[{"count":4,"href":"https:\/\/octaviobernal.com\/index.php?rest_route=\/wp\/v2\/pages\/105\/revisions"}],"predecessor-version":[{"id":142,"href":"https:\/\/octaviobernal.com\/index.php?rest_route=\/wp\/v2\/pages\/105\/revisions\/142"}],"wp:attachment":[{"href":"https:\/\/octaviobernal.com\/index.php?rest_route=%2Fwp%2Fv2%2Fmedia&parent=105"}],"curies":[{"name":"wp","href":"https:\/\/api.w.org\/{rel}","templated":true}]}}